{"id":31,"date":"2026-02-16T11:11:57","date_gmt":"2026-02-16T11:11:57","guid":{"rendered":"https:\/\/sinai-it.org\/fr\/?page_id=31"},"modified":"2026-03-09T12:00:25","modified_gmt":"2026-03-09T12:00:25","slug":"qui-sommes-nous","status":"publish","type":"page","link":"https:\/\/sinai-it.org\/fr\/qui-sommes-nous\/","title":{"rendered":"Qui sommes-nous"},"content":{"rendered":"\n<h2 class=\"wp-block-heading\"><strong>Histoire<\/strong><\/h2>\n\n\n\n<p>Nous ne pouvons pas nous emp\u00eacher de souligner la triste souffrance dans laquelle certaines personnes vivent leur vie dans de nombreux pays du monde. C\u2019est pr\u00e9cis\u00e9ment \u00e0 cause de toute cette souffrance qu\u2019un groupe de b\u00e9n\u00e9voles a eu \u00e0 c\u0153ur de mettre en mouvement l\u2019Association Sina\u00ef.<\/p>\n\n\n\n<p>Il y a plusieurs ann\u00e9es, un jeune gar\u00e7on a \u00e9t\u00e9 pers\u00e9cut\u00e9 dans un pays lointain avec sa famille \u00e0 cause de sa foi en Christ. Apr\u00e8s avoir tout poss\u00e9d\u00e9, ils se sont retrouv\u00e9s sans rien et, pendant de longues ann\u00e9es, il a cherch\u00e9 \u00e0 sauver sa vie en se cachant des pers\u00e9cuteurs extr\u00e9mistes. Il a v\u00e9cu chaque jour dans la faim et la soif, dans des lieux sombres et froids.<\/p>\n\n\n\n<p>Cette exp\u00e9rience a chang\u00e9 son c\u0153ur et a profond\u00e9ment uni sa famille. Apr\u00e8s avoir \u00e9chapp\u00e9 \u00e0 cette longue et dure pers\u00e9cution et \u00eatre arriv\u00e9s en Italie, le jeune gar\u00e7on et sa famille ne sont pas rest\u00e9s indiff\u00e9rents.<\/p>\n\n\n\n<p>Ayant v\u00e9cu l\u2019exp\u00e9rience d\u2019\u00eatre r\u00e9fugi\u00e9s dans un pays \u00e9tranger, contraints de recommencer leur vie \u00e0 z\u00e9ro, leur d\u00e9sir aujourd\u2019hui est d\u2019aider ceux qui sont dans le besoin, sans regarder leur origine, la couleur de leur peau ou leur religion.<\/p>\n\n\n\n<p>En aimant leur prochain comme eux-m\u00eames et en donnant \u00e0 beaucoup d\u2019autres <em><span style=\"text-decoration: underline;\">la force de recommencer<\/span>.<\/em><\/p>\n","protected":false},"excerpt":{"rendered":"<p>SINAI est n\u00e9 de l\u2019histoire et de l\u2019exp\u00e9rience de personnes qui ont affront\u00e9 de grandes difficult\u00e9s et qui souhaitent maintenant aider d\u2019autres personnes dans leur situation.<\/p>\n","protected":false},"author":1,"featured_media":19,"parent":0,"menu_order":0,"comment_status":"closed","ping_status":"closed","template":"","meta":{"_acf_changed":false,"footnotes":""},"tags":[8],"class_list":["post-31","page","type-page","status-publish","has-post-thumbnail","hentry","tag-about"],"acf":[],"_links":{"self":[{"href":"https:\/\/sinai-it.org\/fr\/wp-json\/wp\/v2\/pages\/31","targetHints":{"allow":["GET"]}}],"collection":[{"href":"https:\/\/sinai-it.org\/fr\/wp-json\/wp\/v2\/pages"}],"about":[{"href":"https:\/\/sinai-it.org\/fr\/wp-json\/wp\/v2\/types\/page"}],"author":[{"embeddable":true,"href":"https:\/\/sinai-it.org\/fr\/wp-json\/wp\/v2\/users\/1"}],"replies":[{"embeddable":true,"href":"https:\/\/sinai-it.org\/fr\/wp-json\/wp\/v2\/comments?post=31"}],"version-history":[{"count":5,"href":"https:\/\/sinai-it.org\/fr\/wp-json\/wp\/v2\/pages\/31\/revisions"}],"predecessor-version":[{"id":478,"href":"https:\/\/sinai-it.org\/fr\/wp-json\/wp\/v2\/pages\/31\/revisions\/478"}],"wp:featuredmedia":[{"embeddable":true,"href":"https:\/\/sinai-it.org\/fr\/wp-json\/wp\/v2\/media\/19"}],"wp:attachment":[{"href":"https:\/\/sinai-it.org\/fr\/wp-json\/wp\/v2\/media?parent=31"}],"wp:term":[{"taxonomy":"post_tag","embeddable":true,"href":"https:\/\/sinai-it.org\/fr\/wp-json\/wp\/v2\/tags?post=31"}],"curies":[{"name":"wp","href":"https:\/\/api.w.org\/{rel}","templated":true}]}}