{"id":36,"date":"2026-02-16T11:34:01","date_gmt":"2026-02-16T11:34:01","guid":{"rendered":"https:\/\/sinai-it.org\/fr\/?page_id=36"},"modified":"2026-03-09T12:08:32","modified_gmt":"2026-03-09T12:08:32","slug":"pakistan","status":"publish","type":"page","link":"https:\/\/sinai-it.org\/fr\/pakistan\/","title":{"rendered":"Pakistan"},"content":{"rendered":"\n<p>Population : <strong>216,6 millions<\/strong><br>Capitale : <strong>Islamabad<\/strong><br>Langues : <strong>Ourdou, Pendjabi, Pachto, Sindhi<\/strong><br>Religions : <strong>Islam 96,4 %, Hindouisme 1,9 %, Christianisme 1,6 %, autres 0,1 %<\/strong><br>Superficie : <strong>796 095 km\u00b2<\/strong><br>Pauvret\u00e9 : <strong>31,3 % de la population vit sous le seuil national de pauvret\u00e9.<\/strong><\/p>\n\n\n\n<h2 class=\"wp-block-heading\">Projets associ\u00e9s<\/h2>\n\n\n\n    <div class=\"row justify-content-center mb-7\">    <div class=\"col-md-4 col-sm-6 mb-4 mb-md-0\">  \n        <!--article-->\n        <article class=\"card card-hover text-center hover-shadow-lg overflow-hidden border-0 rounded-3 shadow-sm\">\n            <div class=\"overflow-hidden position-relative\">\n                <!--Article image-->\n                <img decoding=\"async\" src=\"https:\/\/sinai-it.org\/fr\/wp-content\/uploads\/sites\/3\/2026\/02\/donne-pakistan-sinai-como-italy-42-1.jpg\" alt=\"\" class=\"img-fluid img-zoom\">\n                <!--Article image divider-->\n                <svg class=\"position-absolute start-0 bottom-0 mb-n1\" style=\"color: var(--bs-body-bg);\"\n                    preserveAspectRatio=\"none\" width=\"100%\"\n                    height=\"48\" viewBox=\"0 0 1460 120\" fill=\"none\" xmlns=\"http:\/\/www.w3.org\/2000\/svg\">\n                    <path\n                        d=\"M122 22.8261L0 0V120H1460V0L1338 22.8261C1217 44.1304 973 88.2609 730 88.2609C487\n                        88.2609 243 44.1304 122 22.8261Z\" fill=\"currentColor\"><\/path>\n                <\/svg>\n            <\/div>\n            <!--Content-body-->\n            <div class=\"card-body pb-5 position-relative\">\n                <h5 class=\"py-3 mb-0\">\n                    \u00c9ducation et emploi des femmes                <\/h5>\n                <!--\n                <p class=\"mb-0 px-lg-4\">\n                    Dall\u2019inizio del 2021, pi\u00f9 di 9 mila profughi sono sbarcati in Italia, la maggior parte arriva nel nord Italia, aiutiamoli!\n                <\/p>\n                -->\n            <\/div>\n            <!--Article link-->\n            <a href=\"https:\/\/sinai-it.org\/fr\/pakistan\/femmes-au-pakistan\/\" class=\"stretched-link\"><\/a>\n        <\/article>\n    <\/div>\n        <div class=\"col-md-4 col-sm-6 mb-4 mb-md-0\">  \n        <!--article-->\n        <article class=\"card card-hover text-center hover-shadow-lg overflow-hidden border-0 rounded-3 shadow-sm\">\n            <div class=\"overflow-hidden position-relative\">\n                <!--Article image-->\n                <img decoding=\"async\" src=\"https:\/\/sinai-it.org\/fr\/wp-content\/uploads\/sites\/3\/2026\/02\/bimbi-pakistan-sinai-7-1.jpg\" alt=\"\" class=\"img-fluid img-zoom\">\n                <!--Article image divider-->\n                <svg class=\"position-absolute start-0 bottom-0 mb-n1\" style=\"color: var(--bs-body-bg);\"\n                    preserveAspectRatio=\"none\" width=\"100%\"\n                    height=\"48\" viewBox=\"0 0 1460 120\" fill=\"none\" xmlns=\"http:\/\/www.w3.org\/2000\/svg\">\n                    <path\n                        d=\"M122 22.8261L0 0V120H1460V0L1338 22.8261C1217 44.1304 973 88.2609 730 88.2609C487\n                        88.2609 243 44.1304 122 22.8261Z\" fill=\"currentColor\"><\/path>\n                <\/svg>\n            <\/div>\n            <!--Content-body-->\n            <div class=\"card-body pb-5 position-relative\">\n                <h5 class=\"py-3 mb-0\">\n                    \u00c9ducation et sant\u00e9 des enfants                <\/h5>\n                <!--\n                <p class=\"mb-0 px-lg-4\">\n                    Dall\u2019inizio del 2021, pi\u00f9 di 9 mila profughi sono sbarcati in Italia, la maggior parte arriva nel nord Italia, aiutiamoli!\n                <\/p>\n                -->\n            <\/div>\n            <!--Article link-->\n            <a href=\"https:\/\/sinai-it.org\/fr\/pakistan\/pakistan-enfants\/\" class=\"stretched-link\"><\/a>\n        <\/article>\n    <\/div>\n        <div class=\"col-md-4 col-sm-6 mb-4 mb-md-0\">  \n        <!--article-->\n        <article class=\"card card-hover text-center hover-shadow-lg overflow-hidden border-0 rounded-3 shadow-sm\">\n            <div class=\"overflow-hidden position-relative\">\n                <!--Article image-->\n                <img decoding=\"async\" src=\"https:\/\/sinai-it.org\/fr\/wp-content\/uploads\/sites\/3\/2026\/02\/famiglie-bisognose-pakistan-6-1024x768-1.jpg\" alt=\"\" class=\"img-fluid img-zoom\">\n                <!--Article image divider-->\n                <svg class=\"position-absolute start-0 bottom-0 mb-n1\" style=\"color: var(--bs-body-bg);\"\n                    preserveAspectRatio=\"none\" width=\"100%\"\n                    height=\"48\" viewBox=\"0 0 1460 120\" fill=\"none\" xmlns=\"http:\/\/www.w3.org\/2000\/svg\">\n                    <path\n                        d=\"M122 22.8261L0 0V120H1460V0L1338 22.8261C1217 44.1304 973 88.2609 730 88.2609C487\n                        88.2609 243 44.1304 122 22.8261Z\" fill=\"currentColor\"><\/path>\n                <\/svg>\n            <\/div>\n            <!--Content-body-->\n            <div class=\"card-body pb-5 position-relative\">\n                <h5 class=\"py-3 mb-0\">\n                    Aide aux familles dans le besoin                <\/h5>\n                <!--\n                <p class=\"mb-0 px-lg-4\">\n                    Dall\u2019inizio del 2021, pi\u00f9 di 9 mila profughi sono sbarcati in Italia, la maggior parte arriva nel nord Italia, aiutiamoli!\n                <\/p>\n                -->\n            <\/div>\n            <!--Article link-->\n            <a href=\"https:\/\/sinai-it.org\/fr\/pakistan\/familles-dans-le-besoin\/\" class=\"stretched-link\"><\/a>\n        <\/article>\n    <\/div>\n    <\/div>","protected":false},"excerpt":{"rendered":"<p>Population : 216,6 millionsCapitale : IslamabadLangues : Ourdou, Pendjabi, Pachto, SindhiReligions : Islam 96,4 %, Hindouisme 1,9 %, Christianisme 1,6 %, autres 0,1 %Superficie : 796 095 km\u00b2Pauvret\u00e9 : 31,3 % de la population vit sous le seuil national de pauvret\u00e9. Projets associ\u00e9s<\/p>\n","protected":false},"author":1,"featured_media":84,"parent":0,"menu_order":0,"comment_status":"closed","ping_status":"closed","template":"","meta":{"_acf_changed":false,"footnotes":""},"tags":[7],"class_list":["post-36","page","type-page","status-publish","has-post-thumbnail","hentry","tag-international"],"acf":[],"_links":{"self":[{"href":"https:\/\/sinai-it.org\/fr\/wp-json\/wp\/v2\/pages\/36","targetHints":{"allow":["GET"]}}],"collection":[{"href":"https:\/\/sinai-it.org\/fr\/wp-json\/wp\/v2\/pages"}],"about":[{"href":"https:\/\/sinai-it.org\/fr\/wp-json\/wp\/v2\/types\/page"}],"author":[{"embeddable":true,"href":"https:\/\/sinai-it.org\/fr\/wp-json\/wp\/v2\/users\/1"}],"replies":[{"embeddable":true,"href":"https:\/\/sinai-it.org\/fr\/wp-json\/wp\/v2\/comments?post=36"}],"version-history":[{"count":14,"href":"https:\/\/sinai-it.org\/fr\/wp-json\/wp\/v2\/pages\/36\/revisions"}],"predecessor-version":[{"id":485,"href":"https:\/\/sinai-it.org\/fr\/wp-json\/wp\/v2\/pages\/36\/revisions\/485"}],"wp:featuredmedia":[{"embeddable":true,"href":"https:\/\/sinai-it.org\/fr\/wp-json\/wp\/v2\/media\/84"}],"wp:attachment":[{"href":"https:\/\/sinai-it.org\/fr\/wp-json\/wp\/v2\/media?parent=36"}],"wp:term":[{"taxonomy":"post_tag","embeddable":true,"href":"https:\/\/sinai-it.org\/fr\/wp-json\/wp\/v2\/tags?post=36"}],"curies":[{"name":"wp","href":"https:\/\/api.w.org\/{rel}","templated":true}]}}