{"id":60,"date":"2026-03-07T12:29:27","date_gmt":"2026-03-07T12:29:27","guid":{"rendered":"https:\/\/sinai-it.org\/fr\/?page_id=60"},"modified":"2026-03-09T12:05:06","modified_gmt":"2026-03-09T12:05:06","slug":"pas-seulement-un-camping-car","status":"publish","type":"page","link":"https:\/\/sinai-it.org\/fr\/pas-seulement-un-camping-car\/","title":{"rendered":"Pas Seulement un Camping Car"},"content":{"rendered":"\n<p>Ce projet, comme son nom l\u2019indique, utilise un camping-car qui n\u2019est pas seulement \u00ab un camping-car \u00bb, mais plut\u00f4t :<\/p>\n\n\n\n<ul class=\"wp-block-list\">\n<li>Une \u00ab \u00e9cole \u00bb pour les r\u00e9fugi\u00e9s. Nous les rejoignons dans des endroits o\u00f9 il n\u2019est pas possible d\u2019enseigner dans des structures physiques. Le camping-car sera utilis\u00e9 pour organiser des cours d\u2019italien et d\u2019informatique, dans le but de leur fournir une formation de base et de les aider \u00e0 s\u2019int\u00e9grer plus facilement.<\/li>\n<\/ul>\n\n\n\n<ul class=\"wp-block-list\">\n<li>Une \u00ab maison \u00bb pour les sans-abri, \u00e0 qui seront offerts une douche chaude et de la nourriture.<br><\/li>\n\n\n\n<li>Un \u00ab point de distribution \u00bb de biens de premi\u00e8re n\u00e9cessit\u00e9, de nourriture et de v\u00eatements.<\/li>\n<\/ul>\n\n\n<section class=\"position-relative overflow-hidden\">\n    <!-- Swiper slider -->\n    <div class=\"swiper-container swiper-classic\">\n        <!-- Swiper wrapper -->\n        <div class=\"swiper-wrapper\">\n            <!-- slide item -->\n                            <div class=\"swiper-slide\" style=\"background-image:url('https:\/\/sinai-it.org\/fr\/wp-content\/uploads\/sites\/3\/2026\/02\/Non-Solo-Camper-1024x787-1.jpg')\">\n                    <div class=\"position-absolute start-0 top-0 w-100 h-100\"><\/div>\n                    <div class=\"container-fluid text-white d-flex align-items-center h-100\">\n                        <div class=\"row pt-5 w-100\">\n                            <div class=\"col-xl-8 col-lg-10 mx-auto text-center\">\n                            <\/div>\n                        <\/div>\n                    <\/div>\n                <\/div>\n                                <div class=\"swiper-slide\" style=\"background-image:url('https:\/\/sinai-it.org\/fr\/wp-content\/uploads\/sites\/3\/2026\/02\/20210130_204105-1024x576-1.jpg')\">\n                    <div class=\"position-absolute start-0 top-0 w-100 h-100\"><\/div>\n                    <div class=\"container-fluid text-white d-flex align-items-center h-100\">\n                        <div class=\"row pt-5 w-100\">\n                            <div class=\"col-xl-8 col-lg-10 mx-auto text-center\">\n                            <\/div>\n                        <\/div>\n                    <\/div>\n                <\/div>\n                        <\/div>\n        <!-- Slider pagination -->\n        <div class=\"swiper-pagination swiperClassic-pagination text-white\"><\/div>\n        <!-- Slider Arrow -->\n        <div class=\"swiper-button-prev swiperClassic-button-prev bg-transparent width-5x height-5x text-white\">\n        <\/div>\n        <!-- Slider Arrow -->\n        <div class=\"swiper-button-next swiperClassic-button-next bg-transparent width-5x height-5x text-white\">\n        <\/div>\n    <\/div>\n<\/section>\n<!--\/.Slider end-->","protected":false},"excerpt":{"rendered":"<p>Un moyen multifonction pour atteindre des communaut\u00e9s et des personnes \u00e9loign\u00e9es et dans le besoin. Une maison, une \u00e9cole et un lieu de partage.<\/p>\n","protected":false},"author":1,"featured_media":319,"parent":0,"menu_order":0,"comment_status":"closed","ping_status":"closed","template":"","meta":{"_acf_changed":false,"footnotes":""},"tags":[6],"class_list":["post-60","page","type-page","status-publish","has-post-thumbnail","hentry","tag-italia"],"acf":[],"_links":{"self":[{"href":"https:\/\/sinai-it.org\/fr\/wp-json\/wp\/v2\/pages\/60","targetHints":{"allow":["GET"]}}],"collection":[{"href":"https:\/\/sinai-it.org\/fr\/wp-json\/wp\/v2\/pages"}],"about":[{"href":"https:\/\/sinai-it.org\/fr\/wp-json\/wp\/v2\/types\/page"}],"author":[{"embeddable":true,"href":"https:\/\/sinai-it.org\/fr\/wp-json\/wp\/v2\/users\/1"}],"replies":[{"embeddable":true,"href":"https:\/\/sinai-it.org\/fr\/wp-json\/wp\/v2\/comments?post=60"}],"version-history":[{"count":7,"href":"https:\/\/sinai-it.org\/fr\/wp-json\/wp\/v2\/pages\/60\/revisions"}],"predecessor-version":[{"id":449,"href":"https:\/\/sinai-it.org\/fr\/wp-json\/wp\/v2\/pages\/60\/revisions\/449"}],"wp:featuredmedia":[{"embeddable":true,"href":"https:\/\/sinai-it.org\/fr\/wp-json\/wp\/v2\/media\/319"}],"wp:attachment":[{"href":"https:\/\/sinai-it.org\/fr\/wp-json\/wp\/v2\/media?parent=60"}],"wp:term":[{"taxonomy":"post_tag","embeddable":true,"href":"https:\/\/sinai-it.org\/fr\/wp-json\/wp\/v2\/tags?post=60"}],"curies":[{"name":"wp","href":"https:\/\/api.w.org\/{rel}","templated":true}]}}